{"id":1628,"date":"2015-01-20T09:52:14","date_gmt":"2015-01-20T09:52:14","guid":{"rendered":"http:\/\/www.harunadal.com\/wp\/?page_id=1628"},"modified":"2024-11-30T05:52:14","modified_gmt":"2024-11-30T05:52:14","slug":"iletisim","status":"publish","type":"page","link":"https:\/\/www.harunadal.com\/wp\/iletisim\/","title":{"rendered":"ileti\u015fim"},"content":{"rendered":"\n<div class=\"wpcf7 no-js\" id=\"wpcf7-f4761-o1\" lang=\"tr-TR\" dir=\"ltr\" data-wpcf7-id=\"4761\">\n<div class=\"screen-reader-response\"><p role=\"status\" aria-live=\"polite\" aria-atomic=\"true\"><\/p> <ul><\/ul><\/div>\n<form action=\"\/wp\/wp-json\/wp\/v2\/pages\/1628#wpcf7-f4761-o1\" method=\"post\" class=\"wpcf7-form init\" aria-label=\"\u0130leti\u015fim Formu\" novalidate=\"novalidate\" data-status=\"init\">\n<fieldset class=\"hidden-fields-container\"><input type=\"hidden\" name=\"_wpcf7\" value=\"4761\" \/><input type=\"hidden\" name=\"_wpcf7_version\" value=\"6.1.4\" \/><input type=\"hidden\" name=\"_wpcf7_locale\" value=\"tr_TR\" \/><input type=\"hidden\" name=\"_wpcf7_unit_tag\" value=\"wpcf7-f4761-o1\" \/><input type=\"hidden\" name=\"_wpcf7_container_post\" value=\"0\" \/><input type=\"hidden\" name=\"_wpcf7_posted_data_hash\" value=\"\" \/>\n<\/fieldset>\n<p><label> Ad\u0131n\u0131z<br \/>\n<span class=\"wpcf7-form-control-wrap\" data-name=\"your-name\"><input size=\"40\" maxlength=\"400\" class=\"wpcf7-form-control wpcf7-text wpcf7-validates-as-required\" autocomplete=\"name\" aria-required=\"true\" aria-invalid=\"false\" value=\"\" type=\"text\" name=\"your-name\" \/><\/span> <\/label>\n<\/p>\n<p><label> E-posta adresiniz<br \/>\n<span class=\"wpcf7-form-control-wrap\" data-name=\"your-email\"><input size=\"40\" maxlength=\"400\" class=\"wpcf7-form-control wpcf7-email wpcf7-validates-as-required wpcf7-text wpcf7-validates-as-email\" autocomplete=\"email\" aria-required=\"true\" aria-invalid=\"false\" value=\"\" type=\"email\" name=\"your-email\" \/><\/span> <\/label>\n<\/p>\n<p><label> Konu<br \/>\n<span class=\"wpcf7-form-control-wrap\" data-name=\"your-subject\"><input size=\"40\" maxlength=\"400\" class=\"wpcf7-form-control wpcf7-text wpcf7-validates-as-required\" aria-required=\"true\" aria-invalid=\"false\" value=\"\" type=\"text\" name=\"your-subject\" \/><\/span> <\/label>\n<\/p>\n<p><label> \u0130letiniz (tercihe ba\u011fl\u0131)<br \/>\n<span class=\"wpcf7-form-control-wrap\" data-name=\"your-message\"><textarea cols=\"40\" rows=\"10\" maxlength=\"2000\" class=\"wpcf7-form-control wpcf7-textarea\" aria-invalid=\"false\" name=\"your-message\"><\/textarea><\/span> <\/label>\n<\/p>\n<p><div class=\"cf7-cf-turnstile\" style=\"margin-top: 0px; margin-bottom: -15px;\"> <div id=\"cf-turnstile-cf7-2581273509\" class=\"cf-turnstile\" data-callback=\"turnstileCF7Callback\" data-sitekey=\"0x4AAAAAAAKEGwH6tdqi8MeZ\" data-theme=\"light\" data-language=\"auto\" data-size=\"normal\" data-retry=\"auto\" data-retry-interval=\"1000\" data-refresh-expired=\"auto\" data-action=\"contact-form-7\" data-appearance=\"always\"><\/div> <style>.wpcf7-submit { pointer-events: none; opacity: 0.5; }<\/style> <script>document.addEventListener(\"DOMContentLoaded\", function() { setTimeout(function(){ var e=document.getElementById(\"cf-turnstile-cf7-2581273509\"); e&&!e.innerHTML.trim()&&(turnstile.remove(\"#cf-turnstile-cf7-2581273509\"), turnstile.render(\"#cf-turnstile-cf7-2581273509\", {sitekey:\"0x4AAAAAAAKEGwH6tdqi8MeZ\"})); }, 100); });<\/script> <br class=\"cf-turnstile-br cf-turnstile-br-cf7-2581273509\"> <style>#cf-turnstile-cf7-2581273509 { margin-left: -15px; }<\/style> <script>document.addEventListener(\"DOMContentLoaded\",function(){document.querySelectorAll('.wpcf7-form').forEach(function(e){e.addEventListener('submit',function(){if(document.getElementById('cf-turnstile-cf7-2581273509')){setTimeout(function(){turnstile.reset('#cf-turnstile-cf7-2581273509');},1000)}})})});<\/script> <\/div><br\/><input class=\"wpcf7-form-control wpcf7-submit has-spinner\" type=\"submit\" value=\"G\u00f6nder\" \/>\n<\/p><div class=\"wpcf7-response-output\" aria-hidden=\"true\"><\/div>\n<\/form>\n<\/div>\n\n\n\n\n<p><\/p>\n","protected":false},"excerpt":{"rendered":"","protected":false},"author":2,"featured_media":0,"parent":0,"menu_order":0,"comment_status":"closed","ping_status":"open","template":"","meta":{"footnotes":""},"class_list":["post-1628","page","type-page","status-publish"],"yoast_head":"<!-- This site is optimized with the Yoast SEO plugin v26.7 - https:\/\/yoast.com\/wordpress\/plugins\/seo\/ -->\n<title>ileti\u015fim | Harun ADAL | Blog<\/title>\n<meta name=\"robots\" content=\"index, follow, max-snippet:-1, max-image-preview:large, max-video-preview:-1\" \/>\n<link rel=\"canonical\" href=\"https:\/\/www.harunadal.com\/wp\/iletisim\/\" \/>\n<meta property=\"og:locale\" content=\"tr_TR\" \/>\n<meta property=\"og:type\" content=\"article\" \/>\n<meta property=\"og:title\" content=\"ileti\u015fim | Harun ADAL | Blog\" \/>\n<meta property=\"og:description\" content=\"Name: * Email Address: * Subject: * Message: * Send me a copy sekiz \u2212 4 =\" \/>\n<meta property=\"og:url\" content=\"https:\/\/www.harunadal.com\/wp\/iletisim\/\" \/>\n<meta property=\"og:site_name\" content=\"Harun ADAL | Blog\" \/>\n<meta property=\"article:modified_time\" content=\"2024-11-30T05:52:14+00:00\" \/>\n<meta name=\"twitter:label1\" content=\"Tahmini okuma s\u00fcresi\" \/>\n\t<meta name=\"twitter:data1\" content=\"1 dakika\" \/>\n<script type=\"application\/ld+json\" class=\"yoast-schema-graph\">{\"@context\":\"https:\/\/schema.org\",\"@graph\":[{\"@type\":\"WebPage\",\"@id\":\"https:\/\/www.harunadal.com\/wp\/iletisim\/\",\"url\":\"https:\/\/www.harunadal.com\/wp\/iletisim\/\",\"name\":\"ileti\u015fim | Harun ADAL | Blog\",\"isPartOf\":{\"@id\":\"https:\/\/www.harunadal.com\/wp\/#website\"},\"datePublished\":\"2015-01-20T09:52:14+00:00\",\"dateModified\":\"2024-11-30T05:52:14+00:00\",\"breadcrumb\":{\"@id\":\"https:\/\/www.harunadal.com\/wp\/iletisim\/#breadcrumb\"},\"inLanguage\":\"tr\",\"potentialAction\":[{\"@type\":\"ReadAction\",\"target\":[\"https:\/\/www.harunadal.com\/wp\/iletisim\/\"]}]},{\"@type\":\"BreadcrumbList\",\"@id\":\"https:\/\/www.harunadal.com\/wp\/iletisim\/#breadcrumb\",\"itemListElement\":[{\"@type\":\"ListItem\",\"position\":1,\"name\":\"Home\",\"item\":\"https:\/\/www.harunadal.com\/wp\/\"},{\"@type\":\"ListItem\",\"position\":2,\"name\":\"ileti\u015fim\"}]},{\"@type\":\"WebSite\",\"@id\":\"https:\/\/www.harunadal.com\/wp\/#website\",\"url\":\"https:\/\/www.harunadal.com\/wp\/\",\"name\":\"Harun ADAL | Blog\",\"description\":\"\",\"potentialAction\":[{\"@type\":\"SearchAction\",\"target\":{\"@type\":\"EntryPoint\",\"urlTemplate\":\"https:\/\/www.harunadal.com\/wp\/?s={search_term_string}\"},\"query-input\":{\"@type\":\"PropertyValueSpecification\",\"valueRequired\":true,\"valueName\":\"search_term_string\"}}],\"inLanguage\":\"tr\"}]}<\/script>\n<!-- \/ Yoast SEO plugin. -->","yoast_head_json":{"title":"ileti\u015fim | Harun ADAL | Blog","robots":{"index":"index","follow":"follow","max-snippet":"max-snippet:-1","max-image-preview":"max-image-preview:large","max-video-preview":"max-video-preview:-1"},"canonical":"https:\/\/www.harunadal.com\/wp\/iletisim\/","og_locale":"tr_TR","og_type":"article","og_title":"ileti\u015fim | Harun ADAL | Blog","og_description":"Name: * Email Address: * Subject: * Message: * Send me a copy sekiz \u2212 4 =","og_url":"https:\/\/www.harunadal.com\/wp\/iletisim\/","og_site_name":"Harun ADAL | Blog","article_modified_time":"2024-11-30T05:52:14+00:00","twitter_misc":{"Tahmini okuma s\u00fcresi":"1 dakika"},"schema":{"@context":"https:\/\/schema.org","@graph":[{"@type":"WebPage","@id":"https:\/\/www.harunadal.com\/wp\/iletisim\/","url":"https:\/\/www.harunadal.com\/wp\/iletisim\/","name":"ileti\u015fim | Harun ADAL | Blog","isPartOf":{"@id":"https:\/\/www.harunadal.com\/wp\/#website"},"datePublished":"2015-01-20T09:52:14+00:00","dateModified":"2024-11-30T05:52:14+00:00","breadcrumb":{"@id":"https:\/\/www.harunadal.com\/wp\/iletisim\/#breadcrumb"},"inLanguage":"tr","potentialAction":[{"@type":"ReadAction","target":["https:\/\/www.harunadal.com\/wp\/iletisim\/"]}]},{"@type":"BreadcrumbList","@id":"https:\/\/www.harunadal.com\/wp\/iletisim\/#breadcrumb","itemListElement":[{"@type":"ListItem","position":1,"name":"Home","item":"https:\/\/www.harunadal.com\/wp\/"},{"@type":"ListItem","position":2,"name":"ileti\u015fim"}]},{"@type":"WebSite","@id":"https:\/\/www.harunadal.com\/wp\/#website","url":"https:\/\/www.harunadal.com\/wp\/","name":"Harun ADAL | Blog","description":"","potentialAction":[{"@type":"SearchAction","target":{"@type":"EntryPoint","urlTemplate":"https:\/\/www.harunadal.com\/wp\/?s={search_term_string}"},"query-input":{"@type":"PropertyValueSpecification","valueRequired":true,"valueName":"search_term_string"}}],"inLanguage":"tr"}]}},"amp_enabled":true,"_links":{"self":[{"href":"https:\/\/www.harunadal.com\/wp\/wp-json\/wp\/v2\/pages\/1628","targetHints":{"allow":["GET"]}}],"collection":[{"href":"https:\/\/www.harunadal.com\/wp\/wp-json\/wp\/v2\/pages"}],"about":[{"href":"https:\/\/www.harunadal.com\/wp\/wp-json\/wp\/v2\/types\/page"}],"author":[{"embeddable":true,"href":"https:\/\/www.harunadal.com\/wp\/wp-json\/wp\/v2\/users\/2"}],"replies":[{"embeddable":true,"href":"https:\/\/www.harunadal.com\/wp\/wp-json\/wp\/v2\/comments?post=1628"}],"version-history":[{"count":1,"href":"https:\/\/www.harunadal.com\/wp\/wp-json\/wp\/v2\/pages\/1628\/revisions"}],"predecessor-version":[{"id":4796,"href":"https:\/\/www.harunadal.com\/wp\/wp-json\/wp\/v2\/pages\/1628\/revisions\/4796"}],"wp:attachment":[{"href":"https:\/\/www.harunadal.com\/wp\/wp-json\/wp\/v2\/media?parent=1628"}],"curies":[{"name":"wp","href":"https:\/\/api.w.org\/{rel}","templated":true}]}}